
{"id":1205,"date":"2022-04-05T05:53:00","date_gmt":"2022-04-05T05:53:00","guid":{"rendered":"https:\/\/modinatheme.com\/transland\/?page_id=1205"},"modified":"2025-06-17T18:18:11","modified_gmt":"2025-06-17T18:18:11","slug":"hakkimizda","status":"publish","type":"page","link":"https:\/\/seablue-marine.com\/en\/hakkimizda\/","title":{"rendered":"About Us"},"content":{"rendered":"<div data-elementor-type=\"wp-page\" data-elementor-id=\"1205\" class=\"elementor elementor-1205\">\n\t\t\t\t\t\t<section class=\"elementor-section elementor-top-section elementor-element elementor-element-7511175 elementor-section-boxed elementor-section-height-default elementor-section-height-default\" data-id=\"7511175\" data-element_type=\"section\">\n\t\t\t\t\t\t<div class=\"elementor-container elementor-column-gap-default\">\n\t\t\t\t\t<div class=\"elementor-column elementor-col-50 elementor-top-column elementor-element elementor-element-b6e9c6b\" data-id=\"b6e9c6b\" data-element_type=\"column\">\n\t\t\t<div class=\"elementor-widget-wrap elementor-element-populated\">\n\t\t\t\t\t\t<div class=\"elementor-element elementor-element-3d3e03f elementor-widget elementor-widget-image\" data-id=\"3d3e03f\" data-element_type=\"widget\" data-widget_type=\"image.default\">\n\t\t\t\t<div class=\"elementor-widget-container\">\n\t\t\t\t\t\t\t\t\t\t\t\t\t\t\t<img fetchpriority=\"high\" decoding=\"async\" width=\"2048\" height=\"2560\" src=\"https:\/\/seablue-marine.com\/wp-content\/uploads\/2025\/06\/pexels-burak-argun-386428941-31051564-scaled.jpg\" class=\"attachment-full size-full wp-image-2482\" alt=\"\" srcset=\"https:\/\/seablue-marine.com\/wp-content\/uploads\/2025\/06\/pexels-burak-argun-386428941-31051564-scaled.jpg 2048w, https:\/\/seablue-marine.com\/wp-content\/uploads\/2025\/06\/pexels-burak-argun-386428941-31051564-240x300.jpg 240w, https:\/\/seablue-marine.com\/wp-content\/uploads\/2025\/06\/pexels-burak-argun-386428941-31051564-819x1024.jpg 819w, https:\/\/seablue-marine.com\/wp-content\/uploads\/2025\/06\/pexels-burak-argun-386428941-31051564-768x960.jpg 768w, https:\/\/seablue-marine.com\/wp-content\/uploads\/2025\/06\/pexels-burak-argun-386428941-31051564-1229x1536.jpg 1229w, https:\/\/seablue-marine.com\/wp-content\/uploads\/2025\/06\/pexels-burak-argun-386428941-31051564-1638x2048.jpg 1638w, https:\/\/seablue-marine.com\/wp-content\/uploads\/2025\/06\/pexels-burak-argun-386428941-31051564-600x750.jpg 600w\" sizes=\"(max-width: 2048px) 100vw, 2048px\" \/>\t\t\t\t\t\t\t\t\t\t\t\t\t\t\t<\/div>\n\t\t\t\t<\/div>\n\t\t\t\t\t<\/div>\n\t\t<\/div>\n\t\t\t\t<div class=\"elementor-column elementor-col-50 elementor-top-column elementor-element elementor-element-1515553\" data-id=\"1515553\" data-element_type=\"column\">\n\t\t\t<div class=\"elementor-widget-wrap elementor-element-populated\">\n\t\t\t\t\t\t<div class=\"elementor-element elementor-element-25ba7a1 elementor-widget elementor-widget-modina_section_title\" data-id=\"25ba7a1\" data-element_type=\"widget\" data-widget_type=\"modina_section_title.default\">\n\t\t\t\t<div class=\"elementor-widget-container\">\n\t\t\t\t\t\r\n        <div class=\"block-contents text-start\">\r\n        <div class=\"section-title\">\r\n            <h5 class=\"text-start\">about<\/h5>\r\n            <span>About Us<\/span>\r\n            <h2>SEA <span>BLUE<\/span> MARINE<\/h2>\r\n        <\/div>\r\n            <\/div>\r\n    \r\n    \t\t\t\t<\/div>\n\t\t\t\t<\/div>\n\t\t\t\t<section class=\"elementor-section elementor-inner-section elementor-element elementor-element-89a2cb7 about-content elementor-section-boxed elementor-section-height-default elementor-section-height-default\" data-id=\"89a2cb7\" data-element_type=\"section\" data-settings=\"{&quot;background_background&quot;:&quot;classic&quot;}\">\n\t\t\t\t\t\t<div class=\"elementor-container elementor-column-gap-no\">\n\t\t\t\t\t<div class=\"elementor-column elementor-col-100 elementor-inner-column elementor-element elementor-element-3c38eb2\" data-id=\"3c38eb2\" data-element_type=\"column\">\n\t\t\t<div class=\"elementor-widget-wrap elementor-element-populated\">\n\t\t\t\t\t\t<div class=\"elementor-element elementor-element-742db38 elementor-widget elementor-widget-text-editor\" data-id=\"742db38\" data-element_type=\"widget\" data-widget_type=\"text-editor.default\">\n\t\t\t\t<div class=\"elementor-widget-container\">\n\t\t\t\t\t\t\t\t\t<p>As Sea Blue Marine, we provide contracting, maintenance and repair services for new shipbuilding projects and electrical and electronic systems for existing ships in the maritime sector. We offer professional solutions to our customers' needs with our comprehensive technical support services ranging from electric motor maintenance, electrical control panels, distribution panels, fire alarm systems, alarm and monitoring systems, CCTV systems, network installation and all navigation devices. In addition, we provide the best price guarantee and fast delivery advantage with a wide range of electrical and electronic materials. Our products, which comply with industrial quality standards, have been carefully selected specifically for ship electrical systems and the maritime sector. By combining our 25 years of sector experience and knowledge with the experience we have gained in leading companies; we provide services within our own company in order to offer the most suitable solutions to the needs of our valued customers and to ensure the highest customer satisfaction.<\/p>\t\t\t\t\t\t\t\t<\/div>\n\t\t\t\t<\/div>\n\t\t\t\t\t<\/div>\n\t\t<\/div>\n\t\t\t\t\t<\/div>\n\t\t<\/section>\n\t\t\t\t\t<\/div>\n\t\t<\/div>\n\t\t\t\t\t<\/div>\n\t\t<\/section>\n\t\t\t\t<\/div>","protected":false},"excerpt":{"rendered":"<p>about Hakk\u0131m\u0131zda SEA BLUE MARINE Sea Blue Marine olarak, denizcilik sekt\u00f6r\u00fcnde yeni gemi in\u015fa projeleri ve mevcut gemilere y\u00f6nelik elektrik ve elektronik sistemlerde taahh\u00fct, bak\u0131m ve onar\u0131m hizmetleri sunmaktay\u0131z. Elektrik motor bak\u0131mlar\u0131, elektrik kumanda panolar\u0131, da\u011f\u0131t\u0131m panolar\u0131, yang\u0131n alarm sistemleri, alarm ve izleme (Monitoring) sistemleri, CCTV sistemleri, network a\u011f\u0131 kurulumu ve t\u00fcm seyir cihazlar\u0131na kadar [&hellip;]<\/p>","protected":false},"author":1,"featured_media":0,"parent":0,"menu_order":0,"comment_status":"closed","ping_status":"closed","template":"elementor_header_footer","meta":{"_acf_changed":false,"_joinchat":[],"footnotes":""},"class_list":["post-1205","page","type-page","status-publish","hentry"],"acf":[],"yoast_head":"<!-- This site is optimized with the Yoast SEO plugin v25.3.1 - https:\/\/yoast.com\/wordpress\/plugins\/seo\/ -->\n<title>Hakk\u0131m\u0131zda - Sea Blue Marine<\/title>\n<meta name=\"robots\" content=\"index, follow, max-snippet:-1, max-image-preview:large, max-video-preview:-1\" \/>\n<link rel=\"canonical\" href=\"https:\/\/seablue-marine.com\/en\/hakkimizda\/\" \/>\n<meta property=\"og:locale\" content=\"en_US\" \/>\n<meta property=\"og:type\" content=\"article\" \/>\n<meta property=\"og:title\" content=\"Hakk\u0131m\u0131zda - Sea Blue Marine\" \/>\n<meta property=\"og:description\" content=\"about Hakk\u0131m\u0131zda SEA BLUE MARINE Sea Blue Marine olarak, denizcilik sekt\u00f6r\u00fcnde yeni gemi in\u015fa projeleri ve mevcut gemilere y\u00f6nelik elektrik ve elektronik sistemlerde taahh\u00fct, bak\u0131m ve onar\u0131m hizmetleri sunmaktay\u0131z. Elektrik motor bak\u0131mlar\u0131, elektrik kumanda panolar\u0131, da\u011f\u0131t\u0131m panolar\u0131, yang\u0131n alarm sistemleri, alarm ve izleme (Monitoring) sistemleri, CCTV sistemleri, network a\u011f\u0131 kurulumu ve t\u00fcm seyir cihazlar\u0131na kadar [&hellip;]\" \/>\n<meta property=\"og:url\" content=\"https:\/\/seablue-marine.com\/en\/hakkimizda\/\" \/>\n<meta property=\"og:site_name\" content=\"Sea Blue Marine\" \/>\n<meta property=\"article:modified_time\" content=\"2025-06-17T18:18:11+00:00\" \/>\n<meta property=\"og:image\" content=\"https:\/\/seablue-marine.com\/wp-content\/uploads\/2025\/06\/pexels-burak-argun-386428941-31051564-scaled.jpg\" \/>\n\t<meta property=\"og:image:width\" content=\"2048\" \/>\n\t<meta property=\"og:image:height\" content=\"2560\" \/>\n\t<meta property=\"og:image:type\" content=\"image\/jpeg\" \/>\n<meta name=\"twitter:card\" content=\"summary_large_image\" \/>\n<meta name=\"twitter:label1\" content=\"Est. reading time\" \/>\n\t<meta name=\"twitter:data1\" content=\"1 minute\" \/>\n<script type=\"application\/ld+json\" class=\"yoast-schema-graph\">{\"@context\":\"https:\/\/schema.org\",\"@graph\":[{\"@type\":\"WebPage\",\"@id\":\"https:\/\/seablue-marine.com\/hakkimizda\/\",\"url\":\"https:\/\/seablue-marine.com\/hakkimizda\/\",\"name\":\"Hakk\u0131m\u0131zda - Sea Blue Marine\",\"isPartOf\":{\"@id\":\"https:\/\/seablue-marine.com\/#website\"},\"primaryImageOfPage\":{\"@id\":\"https:\/\/seablue-marine.com\/hakkimizda\/#primaryimage\"},\"image\":{\"@id\":\"https:\/\/seablue-marine.com\/hakkimizda\/#primaryimage\"},\"thumbnailUrl\":\"https:\/\/seablue-marine.com\/wp-content\/uploads\/2025\/06\/pexels-burak-argun-386428941-31051564-scaled.jpg\",\"datePublished\":\"2022-04-05T05:53:00+00:00\",\"dateModified\":\"2025-06-17T18:18:11+00:00\",\"breadcrumb\":{\"@id\":\"https:\/\/seablue-marine.com\/hakkimizda\/#breadcrumb\"},\"inLanguage\":\"en-US\",\"potentialAction\":[{\"@type\":\"ReadAction\",\"target\":[\"https:\/\/seablue-marine.com\/hakkimizda\/\"]}]},{\"@type\":\"ImageObject\",\"inLanguage\":\"en-US\",\"@id\":\"https:\/\/seablue-marine.com\/hakkimizda\/#primaryimage\",\"url\":\"https:\/\/seablue-marine.com\/wp-content\/uploads\/2025\/06\/pexels-burak-argun-386428941-31051564-scaled.jpg\",\"contentUrl\":\"https:\/\/seablue-marine.com\/wp-content\/uploads\/2025\/06\/pexels-burak-argun-386428941-31051564-scaled.jpg\"},{\"@type\":\"BreadcrumbList\",\"@id\":\"https:\/\/seablue-marine.com\/hakkimizda\/#breadcrumb\",\"itemListElement\":[{\"@type\":\"ListItem\",\"position\":1,\"name\":\"Anasayfa\",\"item\":\"https:\/\/seablue-marine.com\/\"},{\"@type\":\"ListItem\",\"position\":2,\"name\":\"Hakk\u0131m\u0131zda\"}]},{\"@type\":\"WebSite\",\"@id\":\"https:\/\/seablue-marine.com\/#website\",\"url\":\"https:\/\/seablue-marine.com\/\",\"name\":\"Sea Blue Marine\",\"description\":\"Gemi, Yat Sistemlerinde Uzman \u00c7\u00f6z\u00fcm\",\"publisher\":{\"@id\":\"https:\/\/seablue-marine.com\/#organization\"},\"potentialAction\":[{\"@type\":\"SearchAction\",\"target\":{\"@type\":\"EntryPoint\",\"urlTemplate\":\"https:\/\/seablue-marine.com\/?s={search_term_string}\"},\"query-input\":{\"@type\":\"PropertyValueSpecification\",\"valueRequired\":true,\"valueName\":\"search_term_string\"}}],\"inLanguage\":\"en-US\"},{\"@type\":\"Organization\",\"@id\":\"https:\/\/seablue-marine.com\/#organization\",\"name\":\"Sea Blue Marine\",\"url\":\"https:\/\/seablue-marine.com\/\",\"logo\":{\"@type\":\"ImageObject\",\"inLanguage\":\"en-US\",\"@id\":\"https:\/\/seablue-marine.com\/#\/schema\/logo\/image\/\",\"url\":\"https:\/\/seablue-marine.com\/wp-content\/uploads\/2025\/06\/logo-main.png\",\"contentUrl\":\"https:\/\/seablue-marine.com\/wp-content\/uploads\/2025\/06\/logo-main.png\",\"width\":1014,\"height\":212,\"caption\":\"Sea Blue Marine\"},\"image\":{\"@id\":\"https:\/\/seablue-marine.com\/#\/schema\/logo\/image\/\"}}]}<\/script>\n<!-- \/ Yoast SEO plugin. -->","yoast_head_json":{"title":"Hakk\u0131m\u0131zda - Sea Blue Marine","robots":{"index":"index","follow":"follow","max-snippet":"max-snippet:-1","max-image-preview":"max-image-preview:large","max-video-preview":"max-video-preview:-1"},"canonical":"https:\/\/seablue-marine.com\/en\/hakkimizda\/","og_locale":"en_US","og_type":"article","og_title":"Hakk\u0131m\u0131zda - Sea Blue Marine","og_description":"about Hakk\u0131m\u0131zda SEA BLUE MARINE Sea Blue Marine olarak, denizcilik sekt\u00f6r\u00fcnde yeni gemi in\u015fa projeleri ve mevcut gemilere y\u00f6nelik elektrik ve elektronik sistemlerde taahh\u00fct, bak\u0131m ve onar\u0131m hizmetleri sunmaktay\u0131z. Elektrik motor bak\u0131mlar\u0131, elektrik kumanda panolar\u0131, da\u011f\u0131t\u0131m panolar\u0131, yang\u0131n alarm sistemleri, alarm ve izleme (Monitoring) sistemleri, CCTV sistemleri, network a\u011f\u0131 kurulumu ve t\u00fcm seyir cihazlar\u0131na kadar [&hellip;]","og_url":"https:\/\/seablue-marine.com\/en\/hakkimizda\/","og_site_name":"Sea Blue Marine","article_modified_time":"2025-06-17T18:18:11+00:00","og_image":[{"width":2048,"height":2560,"url":"https:\/\/seablue-marine.com\/wp-content\/uploads\/2025\/06\/pexels-burak-argun-386428941-31051564-scaled.jpg","type":"image\/jpeg"}],"twitter_card":"summary_large_image","twitter_misc":{"Est. reading time":"1 minute"},"schema":{"@context":"https:\/\/schema.org","@graph":[{"@type":"WebPage","@id":"https:\/\/seablue-marine.com\/hakkimizda\/","url":"https:\/\/seablue-marine.com\/hakkimizda\/","name":"Hakk\u0131m\u0131zda - Sea Blue Marine","isPartOf":{"@id":"https:\/\/seablue-marine.com\/#website"},"primaryImageOfPage":{"@id":"https:\/\/seablue-marine.com\/hakkimizda\/#primaryimage"},"image":{"@id":"https:\/\/seablue-marine.com\/hakkimizda\/#primaryimage"},"thumbnailUrl":"https:\/\/seablue-marine.com\/wp-content\/uploads\/2025\/06\/pexels-burak-argun-386428941-31051564-scaled.jpg","datePublished":"2022-04-05T05:53:00+00:00","dateModified":"2025-06-17T18:18:11+00:00","breadcrumb":{"@id":"https:\/\/seablue-marine.com\/hakkimizda\/#breadcrumb"},"inLanguage":"en-US","potentialAction":[{"@type":"ReadAction","target":["https:\/\/seablue-marine.com\/hakkimizda\/"]}]},{"@type":"ImageObject","inLanguage":"en-US","@id":"https:\/\/seablue-marine.com\/hakkimizda\/#primaryimage","url":"https:\/\/seablue-marine.com\/wp-content\/uploads\/2025\/06\/pexels-burak-argun-386428941-31051564-scaled.jpg","contentUrl":"https:\/\/seablue-marine.com\/wp-content\/uploads\/2025\/06\/pexels-burak-argun-386428941-31051564-scaled.jpg"},{"@type":"BreadcrumbList","@id":"https:\/\/seablue-marine.com\/hakkimizda\/#breadcrumb","itemListElement":[{"@type":"ListItem","position":1,"name":"Anasayfa","item":"https:\/\/seablue-marine.com\/"},{"@type":"ListItem","position":2,"name":"Hakk\u0131m\u0131zda"}]},{"@type":"WebSite","@id":"https:\/\/seablue-marine.com\/#website","url":"https:\/\/seablue-marine.com\/","name":"Sea Blue Marine","description":"Gemi, Yat Sistemlerinde Uzman \u00c7\u00f6z\u00fcm","publisher":{"@id":"https:\/\/seablue-marine.com\/#organization"},"potentialAction":[{"@type":"SearchAction","target":{"@type":"EntryPoint","urlTemplate":"https:\/\/seablue-marine.com\/?s={search_term_string}"},"query-input":{"@type":"PropertyValueSpecification","valueRequired":true,"valueName":"search_term_string"}}],"inLanguage":"en-US"},{"@type":"Organization","@id":"https:\/\/seablue-marine.com\/#organization","name":"Sea Blue Marine","url":"https:\/\/seablue-marine.com\/","logo":{"@type":"ImageObject","inLanguage":"en-US","@id":"https:\/\/seablue-marine.com\/#\/schema\/logo\/image\/","url":"https:\/\/seablue-marine.com\/wp-content\/uploads\/2025\/06\/logo-main.png","contentUrl":"https:\/\/seablue-marine.com\/wp-content\/uploads\/2025\/06\/logo-main.png","width":1014,"height":212,"caption":"Sea Blue Marine"},"image":{"@id":"https:\/\/seablue-marine.com\/#\/schema\/logo\/image\/"}}]}},"_links":{"self":[{"href":"https:\/\/seablue-marine.com\/en\/wp-json\/wp\/v2\/pages\/1205","targetHints":{"allow":["GET"]}}],"collection":[{"href":"https:\/\/seablue-marine.com\/en\/wp-json\/wp\/v2\/pages"}],"about":[{"href":"https:\/\/seablue-marine.com\/en\/wp-json\/wp\/v2\/types\/page"}],"author":[{"embeddable":true,"href":"https:\/\/seablue-marine.com\/en\/wp-json\/wp\/v2\/users\/1"}],"replies":[{"embeddable":true,"href":"https:\/\/seablue-marine.com\/en\/wp-json\/wp\/v2\/comments?post=1205"}],"version-history":[{"count":17,"href":"https:\/\/seablue-marine.com\/en\/wp-json\/wp\/v2\/pages\/1205\/revisions"}],"predecessor-version":[{"id":2725,"href":"https:\/\/seablue-marine.com\/en\/wp-json\/wp\/v2\/pages\/1205\/revisions\/2725"}],"wp:attachment":[{"href":"https:\/\/seablue-marine.com\/en\/wp-json\/wp\/v2\/media?parent=1205"}],"curies":[{"name":"wp","href":"https:\/\/api.w.org\/{rel}","templated":true}]}}