
{"id":2499,"date":"2025-06-12T13:04:40","date_gmt":"2025-06-12T13:04:40","guid":{"rendered":"https:\/\/seablue-marine.com\/?page_id=2499"},"modified":"2025-06-13T13:14:48","modified_gmt":"2025-06-13T13:14:48","slug":"yeni-gemi-insa-ve-elektrik-elektronik-taahhut-hizmetleri","status":"publish","type":"page","link":"https:\/\/seablue-marine.com\/en\/yeni-gemi-insa-ve-elektrik-elektronik-taahhut-hizmetleri\/","title":{"rendered":"New Shipbuilding and Electrical &amp; Electronic Contracting Services"},"content":{"rendered":"<div data-elementor-type=\"wp-page\" data-elementor-id=\"2499\" class=\"elementor elementor-2499\">\n\t\t\t\t\t\t<section class=\"elementor-section elementor-top-section elementor-element elementor-element-d3bb13c elementor-section-boxed elementor-section-height-default elementor-section-height-default\" data-id=\"d3bb13c\" data-element_type=\"section\">\n\t\t\t\t\t\t<div class=\"elementor-container elementor-column-gap-default\">\n\t\t\t\t\t<div class=\"elementor-column elementor-col-100 elementor-top-column elementor-element elementor-element-36d5997\" data-id=\"36d5997\" data-element_type=\"column\">\n\t\t\t<div class=\"elementor-widget-wrap elementor-element-populated\">\n\t\t\t\t\t\t<div class=\"elementor-element elementor-element-8199105 elementor-widget elementor-widget-image\" data-id=\"8199105\" data-element_type=\"widget\" data-widget_type=\"image.default\">\n\t\t\t\t<div class=\"elementor-widget-container\">\n\t\t\t\t\t\t\t\t\t\t\t\t\t\t\t<img fetchpriority=\"high\" decoding=\"async\" width=\"1024\" height=\"260\" src=\"https:\/\/seablue-marine.com\/wp-content\/uploads\/2025\/06\/Yeni-Gemi-I\u0307ns\u0327a-ve-Elektrik-Elektronik-Taahhu\u0308t-Hizmetleri-1024x260.png\" class=\"attachment-large size-large wp-image-2547\" alt=\"\" srcset=\"https:\/\/seablue-marine.com\/wp-content\/uploads\/2025\/06\/Yeni-Gemi-I\u0307ns\u0327a-ve-Elektrik-Elektronik-Taahhu\u0308t-Hizmetleri-1024x260.png 1024w, https:\/\/seablue-marine.com\/wp-content\/uploads\/2025\/06\/Yeni-Gemi-I\u0307ns\u0327a-ve-Elektrik-Elektronik-Taahhu\u0308t-Hizmetleri-300x76.png 300w, https:\/\/seablue-marine.com\/wp-content\/uploads\/2025\/06\/Yeni-Gemi-I\u0307ns\u0327a-ve-Elektrik-Elektronik-Taahhu\u0308t-Hizmetleri-768x195.png 768w, https:\/\/seablue-marine.com\/wp-content\/uploads\/2025\/06\/Yeni-Gemi-I\u0307ns\u0327a-ve-Elektrik-Elektronik-Taahhu\u0308t-Hizmetleri-1536x390.png 1536w, https:\/\/seablue-marine.com\/wp-content\/uploads\/2025\/06\/Yeni-Gemi-I\u0307ns\u0327a-ve-Elektrik-Elektronik-Taahhu\u0308t-Hizmetleri-600x152.png 600w, https:\/\/seablue-marine.com\/wp-content\/uploads\/2025\/06\/Yeni-Gemi-I\u0307ns\u0327a-ve-Elektrik-Elektronik-Taahhu\u0308t-Hizmetleri.png 1932w\" sizes=\"(max-width: 1024px) 100vw, 1024px\" \/>\t\t\t\t\t\t\t\t\t\t\t\t\t\t\t<\/div>\n\t\t\t\t<\/div>\n\t\t\t\t<section class=\"elementor-section elementor-inner-section elementor-element elementor-element-62f85c0 elementor-section-full_width elementor-section-height-default elementor-section-height-default\" data-id=\"62f85c0\" data-element_type=\"section\">\n\t\t\t\t\t\t<div class=\"elementor-container elementor-column-gap-default\">\n\t\t\t\t\t<div class=\"elementor-column elementor-col-33 elementor-inner-column elementor-element elementor-element-75976ab\" data-id=\"75976ab\" data-element_type=\"column\" data-settings=\"{&quot;background_background&quot;:&quot;classic&quot;}\">\n\t\t\t<div class=\"elementor-widget-wrap elementor-element-populated\">\n\t\t\t\t\t\t<section class=\"elementor-section elementor-inner-section elementor-element elementor-element-266f466 elementor-section-full_width elementor-section-height-default elementor-section-height-default\" data-id=\"266f466\" data-element_type=\"section\">\n\t\t\t\t\t\t<div class=\"elementor-container elementor-column-gap-no\">\n\t\t\t\t\t<div class=\"elementor-column elementor-col-100 elementor-inner-column elementor-element elementor-element-8a3661b\" data-id=\"8a3661b\" data-element_type=\"column\">\n\t\t\t<div class=\"elementor-widget-wrap elementor-element-populated\">\n\t\t\t\t\t\t<div class=\"elementor-element elementor-element-5bb215e elementor-view-default elementor-widget elementor-widget-icon\" data-id=\"5bb215e\" data-element_type=\"widget\" data-widget_type=\"icon.default\">\n\t\t\t\t<div class=\"elementor-widget-container\">\n\t\t\t\t\t\t\t<div class=\"elementor-icon-wrapper\">\n\t\t\t<div class=\"elementor-icon\">\n\t\t\t<svg aria-hidden=\"true\" class=\"e-font-icon-svg e-fas-ship\" viewbox=\"0 0 640 512\" xmlns=\"http:\/\/www.w3.org\/2000\/svg\"><path d=\"M496.616 372.639l70.012-70.012c16.899-16.9 9.942-45.771-12.836-53.092L512 236.102V96c0-17.673-14.327-32-32-32h-64V24c0-13.255-10.745-24-24-24H248c-13.255 0-24 10.745-24 24v40h-64c-17.673 0-32 14.327-32 32v140.102l-41.792 13.433c-22.753 7.313-29.754 36.173-12.836 53.092l70.012 70.012C125.828 416.287 85.587 448 24 448c-13.255 0-24 10.745-24 24v16c0 13.255 10.745 24 24 24 61.023 0 107.499-20.61 143.258-59.396C181.677 487.432 216.021 512 256 512h128c39.979 0 74.323-24.568 88.742-59.396C508.495 491.384 554.968 512 616 512c13.255 0 24-10.745 24-24v-16c0-13.255-10.745-24-24-24-60.817 0-101.542-31.001-119.384-75.361zM192 128h256v87.531l-118.208-37.995a31.995 31.995 0 0 0-19.584 0L192 215.531V128z\"><\/path><\/svg>\t\t\t<\/div>\n\t\t<\/div>\n\t\t\t\t\t\t<\/div>\n\t\t\t\t<\/div>\n\t\t\t\t<div class=\"elementor-element elementor-element-8a997cb elementor-widget elementor-widget-heading\" data-id=\"8a997cb\" data-element_type=\"widget\" data-widget_type=\"heading.default\">\n\t\t\t\t<div class=\"elementor-widget-container\">\n\t\t\t\t\t<h6 class=\"elementor-heading-title elementor-size-default\">Complete Ship Electrical Installation\n<\/h6>\t\t\t\t<\/div>\n\t\t\t\t<\/div>\n\t\t\t\t\t<\/div>\n\t\t<\/div>\n\t\t\t\t\t<\/div>\n\t\t<\/section>\n\t\t\t\t\t<\/div>\n\t\t<\/div>\n\t\t\t\t<div class=\"elementor-column elementor-col-33 elementor-inner-column elementor-element elementor-element-c031cef\" data-id=\"c031cef\" data-element_type=\"column\" data-settings=\"{&quot;background_background&quot;:&quot;classic&quot;}\">\n\t\t\t<div class=\"elementor-widget-wrap elementor-element-populated\">\n\t\t\t\t\t\t<section class=\"elementor-section elementor-inner-section elementor-element elementor-element-ed08563 elementor-section-full_width elementor-section-height-default elementor-section-height-default\" data-id=\"ed08563\" data-element_type=\"section\">\n\t\t\t\t\t\t<div class=\"elementor-container elementor-column-gap-no\">\n\t\t\t\t\t<div class=\"elementor-column elementor-col-100 elementor-inner-column elementor-element elementor-element-9f22916\" data-id=\"9f22916\" data-element_type=\"column\">\n\t\t\t<div class=\"elementor-widget-wrap elementor-element-populated\">\n\t\t\t\t\t\t<div class=\"elementor-element elementor-element-d8c4595 elementor-view-default elementor-widget elementor-widget-icon\" data-id=\"d8c4595\" data-element_type=\"widget\" data-widget_type=\"icon.default\">\n\t\t\t\t<div class=\"elementor-widget-container\">\n\t\t\t\t\t\t\t<div class=\"elementor-icon-wrapper\">\n\t\t\t<div class=\"elementor-icon\">\n\t\t\t<svg aria-hidden=\"true\" class=\"e-font-icon-svg e-fas-ship\" viewbox=\"0 0 640 512\" xmlns=\"http:\/\/www.w3.org\/2000\/svg\"><path d=\"M496.616 372.639l70.012-70.012c16.899-16.9 9.942-45.771-12.836-53.092L512 236.102V96c0-17.673-14.327-32-32-32h-64V24c0-13.255-10.745-24-24-24H248c-13.255 0-24 10.745-24 24v40h-64c-17.673 0-32 14.327-32 32v140.102l-41.792 13.433c-22.753 7.313-29.754 36.173-12.836 53.092l70.012 70.012C125.828 416.287 85.587 448 24 448c-13.255 0-24 10.745-24 24v16c0 13.255 10.745 24 24 24 61.023 0 107.499-20.61 143.258-59.396C181.677 487.432 216.021 512 256 512h128c39.979 0 74.323-24.568 88.742-59.396C508.495 491.384 554.968 512 616 512c13.255 0 24-10.745 24-24v-16c0-13.255-10.745-24-24-24-60.817 0-101.542-31.001-119.384-75.361zM192 128h256v87.531l-118.208-37.995a31.995 31.995 0 0 0-19.584 0L192 215.531V128z\"><\/path><\/svg>\t\t\t<\/div>\n\t\t<\/div>\n\t\t\t\t\t\t<\/div>\n\t\t\t\t<\/div>\n\t\t\t\t<div class=\"elementor-element elementor-element-a4cf65c elementor-widget elementor-widget-heading\" data-id=\"a4cf65c\" data-element_type=\"widget\" data-widget_type=\"heading.default\">\n\t\t\t\t<div class=\"elementor-widget-container\">\n\t\t\t\t\t<h6 class=\"elementor-heading-title elementor-size-default\">System Commissioning and Testing Processes<\/h6>\t\t\t\t<\/div>\n\t\t\t\t<\/div>\n\t\t\t\t\t<\/div>\n\t\t<\/div>\n\t\t\t\t\t<\/div>\n\t\t<\/section>\n\t\t\t\t\t<\/div>\n\t\t<\/div>\n\t\t\t\t<div class=\"elementor-column elementor-col-33 elementor-inner-column elementor-element elementor-element-ae05f82\" data-id=\"ae05f82\" data-element_type=\"column\" data-settings=\"{&quot;background_background&quot;:&quot;classic&quot;}\">\n\t\t\t<div class=\"elementor-widget-wrap elementor-element-populated\">\n\t\t\t\t\t\t<section class=\"elementor-section elementor-inner-section elementor-element elementor-element-1051d54 elementor-section-full_width elementor-section-height-default elementor-section-height-default\" data-id=\"1051d54\" data-element_type=\"section\">\n\t\t\t\t\t\t<div class=\"elementor-container elementor-column-gap-no\">\n\t\t\t\t\t<div class=\"elementor-column elementor-col-100 elementor-inner-column elementor-element elementor-element-cc862ce\" data-id=\"cc862ce\" data-element_type=\"column\">\n\t\t\t<div class=\"elementor-widget-wrap elementor-element-populated\">\n\t\t\t\t\t\t<div class=\"elementor-element elementor-element-c3ddee3 elementor-view-default elementor-widget elementor-widget-icon\" data-id=\"c3ddee3\" data-element_type=\"widget\" data-widget_type=\"icon.default\">\n\t\t\t\t<div class=\"elementor-widget-container\">\n\t\t\t\t\t\t\t<div class=\"elementor-icon-wrapper\">\n\t\t\t<div class=\"elementor-icon\">\n\t\t\t<svg aria-hidden=\"true\" class=\"e-font-icon-svg e-fas-ship\" viewbox=\"0 0 640 512\" xmlns=\"http:\/\/www.w3.org\/2000\/svg\"><path d=\"M496.616 372.639l70.012-70.012c16.899-16.9 9.942-45.771-12.836-53.092L512 236.102V96c0-17.673-14.327-32-32-32h-64V24c0-13.255-10.745-24-24-24H248c-13.255 0-24 10.745-24 24v40h-64c-17.673 0-32 14.327-32 32v140.102l-41.792 13.433c-22.753 7.313-29.754 36.173-12.836 53.092l70.012 70.012C125.828 416.287 85.587 448 24 448c-13.255 0-24 10.745-24 24v16c0 13.255 10.745 24 24 24 61.023 0 107.499-20.61 143.258-59.396C181.677 487.432 216.021 512 256 512h128c39.979 0 74.323-24.568 88.742-59.396C508.495 491.384 554.968 512 616 512c13.255 0 24-10.745 24-24v-16c0-13.255-10.745-24-24-24-60.817 0-101.542-31.001-119.384-75.361zM192 128h256v87.531l-118.208-37.995a31.995 31.995 0 0 0-19.584 0L192 215.531V128z\"><\/path><\/svg>\t\t\t<\/div>\n\t\t<\/div>\n\t\t\t\t\t\t<\/div>\n\t\t\t\t<\/div>\n\t\t\t\t<div class=\"elementor-element elementor-element-2b758e4 elementor-widget elementor-widget-heading\" data-id=\"2b758e4\" data-element_type=\"widget\" data-widget_type=\"heading.default\">\n\t\t\t\t<div class=\"elementor-widget-container\">\n\t\t\t\t\t<h6 class=\"elementor-heading-title elementor-size-default\">Installation of Automation and Control Panels<\/h6>\t\t\t\t<\/div>\n\t\t\t\t<\/div>\n\t\t\t\t\t<\/div>\n\t\t<\/div>\n\t\t\t\t\t<\/div>\n\t\t<\/section>\n\t\t\t\t\t<\/div>\n\t\t<\/div>\n\t\t\t\t\t<\/div>\n\t\t<\/section>\n\t\t\t\t\t<\/div>\n\t\t<\/div>\n\t\t\t\t\t<\/div>\n\t\t<\/section>\n\t\t\t\t<\/div>","protected":false},"excerpt":{"rendered":"<p>Komple Gemi Elektrik Tesisat\u0131 D\u00f6\u015feme Sistem Devreye Alma ve Test S\u00fcre\u00e7leri Otomasyon ve Kumanda Panolar\u0131n\u0131n Kurulumu<\/p>","protected":false},"author":1,"featured_media":0,"parent":0,"menu_order":0,"comment_status":"closed","ping_status":"closed","template":"","meta":{"_acf_changed":false,"_joinchat":[],"footnotes":""},"class_list":["post-2499","page","type-page","status-publish","hentry"],"acf":[],"yoast_head":"<!-- This site is optimized with the Yoast SEO plugin v25.3.1 - https:\/\/yoast.com\/wordpress\/plugins\/seo\/ -->\n<title>Yeni Gemi \u0130n\u015fa ve Elektrik &amp; Elektronik Taahh\u00fct Hizmetleri - Sea Blue Marine<\/title>\n<meta name=\"robots\" content=\"index, follow, max-snippet:-1, max-image-preview:large, max-video-preview:-1\" \/>\n<link rel=\"canonical\" href=\"https:\/\/seablue-marine.com\/en\/yeni-gemi-insa-ve-elektrik-elektronik-taahhut-hizmetleri\/\" \/>\n<meta property=\"og:locale\" content=\"en_US\" \/>\n<meta property=\"og:type\" content=\"article\" \/>\n<meta property=\"og:title\" content=\"Yeni Gemi \u0130n\u015fa ve Elektrik &amp; Elektronik Taahh\u00fct Hizmetleri - Sea Blue Marine\" \/>\n<meta property=\"og:description\" content=\"Komple Gemi Elektrik Tesisat\u0131 D\u00f6\u015feme Sistem Devreye Alma ve Test S\u00fcre\u00e7leri Otomasyon ve Kumanda Panolar\u0131n\u0131n Kurulumu\" \/>\n<meta property=\"og:url\" content=\"https:\/\/seablue-marine.com\/en\/yeni-gemi-insa-ve-elektrik-elektronik-taahhut-hizmetleri\/\" \/>\n<meta property=\"og:site_name\" content=\"Sea Blue Marine\" \/>\n<meta property=\"article:modified_time\" content=\"2025-06-13T13:14:48+00:00\" \/>\n<meta name=\"twitter:card\" content=\"summary_large_image\" \/>\n<script type=\"application\/ld+json\" class=\"yoast-schema-graph\">{\"@context\":\"https:\/\/schema.org\",\"@graph\":[{\"@type\":\"WebPage\",\"@id\":\"https:\/\/seablue-marine.com\/yeni-gemi-insa-ve-elektrik-elektronik-taahhut-hizmetleri\/\",\"url\":\"https:\/\/seablue-marine.com\/yeni-gemi-insa-ve-elektrik-elektronik-taahhut-hizmetleri\/\",\"name\":\"Yeni Gemi \u0130n\u015fa ve Elektrik & Elektronik Taahh\u00fct Hizmetleri - Sea Blue Marine\",\"isPartOf\":{\"@id\":\"https:\/\/seablue-marine.com\/#website\"},\"datePublished\":\"2025-06-12T13:04:40+00:00\",\"dateModified\":\"2025-06-13T13:14:48+00:00\",\"breadcrumb\":{\"@id\":\"https:\/\/seablue-marine.com\/yeni-gemi-insa-ve-elektrik-elektronik-taahhut-hizmetleri\/#breadcrumb\"},\"inLanguage\":\"en-US\",\"potentialAction\":[{\"@type\":\"ReadAction\",\"target\":[\"https:\/\/seablue-marine.com\/yeni-gemi-insa-ve-elektrik-elektronik-taahhut-hizmetleri\/\"]}]},{\"@type\":\"BreadcrumbList\",\"@id\":\"https:\/\/seablue-marine.com\/yeni-gemi-insa-ve-elektrik-elektronik-taahhut-hizmetleri\/#breadcrumb\",\"itemListElement\":[{\"@type\":\"ListItem\",\"position\":1,\"name\":\"Anasayfa\",\"item\":\"https:\/\/seablue-marine.com\/\"},{\"@type\":\"ListItem\",\"position\":2,\"name\":\"Yeni Gemi \u0130n\u015fa ve Elektrik &#038; Elektronik Taahh\u00fct Hizmetleri\"}]},{\"@type\":\"WebSite\",\"@id\":\"https:\/\/seablue-marine.com\/#website\",\"url\":\"https:\/\/seablue-marine.com\/\",\"name\":\"Sea Blue Marine\",\"description\":\"Gemi, Yat Sistemlerinde Uzman \u00c7\u00f6z\u00fcm\",\"publisher\":{\"@id\":\"https:\/\/seablue-marine.com\/#organization\"},\"potentialAction\":[{\"@type\":\"SearchAction\",\"target\":{\"@type\":\"EntryPoint\",\"urlTemplate\":\"https:\/\/seablue-marine.com\/?s={search_term_string}\"},\"query-input\":{\"@type\":\"PropertyValueSpecification\",\"valueRequired\":true,\"valueName\":\"search_term_string\"}}],\"inLanguage\":\"en-US\"},{\"@type\":\"Organization\",\"@id\":\"https:\/\/seablue-marine.com\/#organization\",\"name\":\"Sea Blue Marine\",\"url\":\"https:\/\/seablue-marine.com\/\",\"logo\":{\"@type\":\"ImageObject\",\"inLanguage\":\"en-US\",\"@id\":\"https:\/\/seablue-marine.com\/#\/schema\/logo\/image\/\",\"url\":\"https:\/\/seablue-marine.com\/wp-content\/uploads\/2025\/06\/logo-main.png\",\"contentUrl\":\"https:\/\/seablue-marine.com\/wp-content\/uploads\/2025\/06\/logo-main.png\",\"width\":1014,\"height\":212,\"caption\":\"Sea Blue Marine\"},\"image\":{\"@id\":\"https:\/\/seablue-marine.com\/#\/schema\/logo\/image\/\"}}]}<\/script>\n<!-- \/ Yoast SEO plugin. -->","yoast_head_json":{"title":"Yeni Gemi \u0130n\u015fa ve Elektrik & Elektronik Taahh\u00fct Hizmetleri - Sea Blue Marine","robots":{"index":"index","follow":"follow","max-snippet":"max-snippet:-1","max-image-preview":"max-image-preview:large","max-video-preview":"max-video-preview:-1"},"canonical":"https:\/\/seablue-marine.com\/en\/yeni-gemi-insa-ve-elektrik-elektronik-taahhut-hizmetleri\/","og_locale":"en_US","og_type":"article","og_title":"Yeni Gemi \u0130n\u015fa ve Elektrik & Elektronik Taahh\u00fct Hizmetleri - Sea Blue Marine","og_description":"Komple Gemi Elektrik Tesisat\u0131 D\u00f6\u015feme Sistem Devreye Alma ve Test S\u00fcre\u00e7leri Otomasyon ve Kumanda Panolar\u0131n\u0131n Kurulumu","og_url":"https:\/\/seablue-marine.com\/en\/yeni-gemi-insa-ve-elektrik-elektronik-taahhut-hizmetleri\/","og_site_name":"Sea Blue Marine","article_modified_time":"2025-06-13T13:14:48+00:00","twitter_card":"summary_large_image","schema":{"@context":"https:\/\/schema.org","@graph":[{"@type":"WebPage","@id":"https:\/\/seablue-marine.com\/yeni-gemi-insa-ve-elektrik-elektronik-taahhut-hizmetleri\/","url":"https:\/\/seablue-marine.com\/yeni-gemi-insa-ve-elektrik-elektronik-taahhut-hizmetleri\/","name":"Yeni Gemi \u0130n\u015fa ve Elektrik & Elektronik Taahh\u00fct Hizmetleri - Sea Blue Marine","isPartOf":{"@id":"https:\/\/seablue-marine.com\/#website"},"datePublished":"2025-06-12T13:04:40+00:00","dateModified":"2025-06-13T13:14:48+00:00","breadcrumb":{"@id":"https:\/\/seablue-marine.com\/yeni-gemi-insa-ve-elektrik-elektronik-taahhut-hizmetleri\/#breadcrumb"},"inLanguage":"en-US","potentialAction":[{"@type":"ReadAction","target":["https:\/\/seablue-marine.com\/yeni-gemi-insa-ve-elektrik-elektronik-taahhut-hizmetleri\/"]}]},{"@type":"BreadcrumbList","@id":"https:\/\/seablue-marine.com\/yeni-gemi-insa-ve-elektrik-elektronik-taahhut-hizmetleri\/#breadcrumb","itemListElement":[{"@type":"ListItem","position":1,"name":"Anasayfa","item":"https:\/\/seablue-marine.com\/"},{"@type":"ListItem","position":2,"name":"Yeni Gemi \u0130n\u015fa ve Elektrik &#038; Elektronik Taahh\u00fct Hizmetleri"}]},{"@type":"WebSite","@id":"https:\/\/seablue-marine.com\/#website","url":"https:\/\/seablue-marine.com\/","name":"Sea Blue Marine","description":"Gemi, Yat Sistemlerinde Uzman \u00c7\u00f6z\u00fcm","publisher":{"@id":"https:\/\/seablue-marine.com\/#organization"},"potentialAction":[{"@type":"SearchAction","target":{"@type":"EntryPoint","urlTemplate":"https:\/\/seablue-marine.com\/?s={search_term_string}"},"query-input":{"@type":"PropertyValueSpecification","valueRequired":true,"valueName":"search_term_string"}}],"inLanguage":"en-US"},{"@type":"Organization","@id":"https:\/\/seablue-marine.com\/#organization","name":"Sea Blue Marine","url":"https:\/\/seablue-marine.com\/","logo":{"@type":"ImageObject","inLanguage":"en-US","@id":"https:\/\/seablue-marine.com\/#\/schema\/logo\/image\/","url":"https:\/\/seablue-marine.com\/wp-content\/uploads\/2025\/06\/logo-main.png","contentUrl":"https:\/\/seablue-marine.com\/wp-content\/uploads\/2025\/06\/logo-main.png","width":1014,"height":212,"caption":"Sea Blue Marine"},"image":{"@id":"https:\/\/seablue-marine.com\/#\/schema\/logo\/image\/"}}]}},"_links":{"self":[{"href":"https:\/\/seablue-marine.com\/en\/wp-json\/wp\/v2\/pages\/2499","targetHints":{"allow":["GET"]}}],"collection":[{"href":"https:\/\/seablue-marine.com\/en\/wp-json\/wp\/v2\/pages"}],"about":[{"href":"https:\/\/seablue-marine.com\/en\/wp-json\/wp\/v2\/types\/page"}],"author":[{"embeddable":true,"href":"https:\/\/seablue-marine.com\/en\/wp-json\/wp\/v2\/users\/1"}],"replies":[{"embeddable":true,"href":"https:\/\/seablue-marine.com\/en\/wp-json\/wp\/v2\/comments?post=2499"}],"version-history":[{"count":10,"href":"https:\/\/seablue-marine.com\/en\/wp-json\/wp\/v2\/pages\/2499\/revisions"}],"predecessor-version":[{"id":2553,"href":"https:\/\/seablue-marine.com\/en\/wp-json\/wp\/v2\/pages\/2499\/revisions\/2553"}],"wp:attachment":[{"href":"https:\/\/seablue-marine.com\/en\/wp-json\/wp\/v2\/media?parent=2499"}],"curies":[{"name":"wp","href":"https:\/\/api.w.org\/{rel}","templated":true}]}}