
{"id":2505,"date":"2025-06-12T13:11:59","date_gmt":"2025-06-12T13:11:59","guid":{"rendered":"https:\/\/seablue-marine.com\/?page_id=2505"},"modified":"2025-06-13T13:19:48","modified_gmt":"2025-06-13T13:19:48","slug":"tamir-ve-bakim-hizmetleri","status":"publish","type":"page","link":"https:\/\/seablue-marine.com\/en\/tamir-ve-bakim-hizmetleri\/","title":{"rendered":"Repair and Maintenance Services"},"content":{"rendered":"<div data-elementor-type=\"wp-page\" data-elementor-id=\"2505\" class=\"elementor elementor-2505\">\n\t\t\t\t\t\t<section class=\"elementor-section elementor-top-section elementor-element elementor-element-8a4634f elementor-section-boxed elementor-section-height-default elementor-section-height-default\" data-id=\"8a4634f\" data-element_type=\"section\">\n\t\t\t\t\t\t<div class=\"elementor-container elementor-column-gap-default\">\n\t\t\t\t\t<div class=\"elementor-column elementor-col-100 elementor-top-column elementor-element elementor-element-0a096f5\" data-id=\"0a096f5\" data-element_type=\"column\">\n\t\t\t<div class=\"elementor-widget-wrap elementor-element-populated\">\n\t\t\t\t\t\t<div class=\"elementor-element elementor-element-2e1f23d elementor-widget elementor-widget-image\" data-id=\"2e1f23d\" data-element_type=\"widget\" data-widget_type=\"image.default\">\n\t\t\t\t<div class=\"elementor-widget-container\">\n\t\t\t\t\t\t\t\t\t\t\t\t\t\t\t<img fetchpriority=\"high\" decoding=\"async\" width=\"1024\" height=\"260\" src=\"https:\/\/seablue-marine.com\/wp-content\/uploads\/2025\/06\/Tamir-ve-Bakim-Hizmetleri_-1024x260.png\" class=\"attachment-large size-large wp-image-2554\" alt=\"\" srcset=\"https:\/\/seablue-marine.com\/wp-content\/uploads\/2025\/06\/Tamir-ve-Bakim-Hizmetleri_-1024x260.png 1024w, https:\/\/seablue-marine.com\/wp-content\/uploads\/2025\/06\/Tamir-ve-Bakim-Hizmetleri_-300x76.png 300w, https:\/\/seablue-marine.com\/wp-content\/uploads\/2025\/06\/Tamir-ve-Bakim-Hizmetleri_-768x195.png 768w, https:\/\/seablue-marine.com\/wp-content\/uploads\/2025\/06\/Tamir-ve-Bakim-Hizmetleri_-1536x390.png 1536w, https:\/\/seablue-marine.com\/wp-content\/uploads\/2025\/06\/Tamir-ve-Bakim-Hizmetleri_-600x152.png 600w, https:\/\/seablue-marine.com\/wp-content\/uploads\/2025\/06\/Tamir-ve-Bakim-Hizmetleri_.png 1932w\" sizes=\"(max-width: 1024px) 100vw, 1024px\" \/>\t\t\t\t\t\t\t\t\t\t\t\t\t\t\t<\/div>\n\t\t\t\t<\/div>\n\t\t\t\t<section class=\"elementor-section elementor-inner-section elementor-element elementor-element-a767113 elementor-section-full_width elementor-section-height-default elementor-section-height-default\" data-id=\"a767113\" data-element_type=\"section\">\n\t\t\t\t\t\t<div class=\"elementor-container elementor-column-gap-default\">\n\t\t\t\t\t<div class=\"elementor-column elementor-col-25 elementor-inner-column elementor-element elementor-element-f42e59f\" data-id=\"f42e59f\" data-element_type=\"column\" data-settings=\"{&quot;background_background&quot;:&quot;classic&quot;}\">\n\t\t\t<div class=\"elementor-widget-wrap elementor-element-populated\">\n\t\t\t\t\t\t<section class=\"elementor-section elementor-inner-section elementor-element elementor-element-6e9e3e7 elementor-section-full_width elementor-section-height-default elementor-section-height-default\" data-id=\"6e9e3e7\" data-element_type=\"section\">\n\t\t\t\t\t\t<div class=\"elementor-container elementor-column-gap-no\">\n\t\t\t\t\t<div class=\"elementor-column elementor-col-100 elementor-inner-column elementor-element elementor-element-c5858eb\" data-id=\"c5858eb\" data-element_type=\"column\">\n\t\t\t<div class=\"elementor-widget-wrap elementor-element-populated\">\n\t\t\t\t\t\t<div class=\"elementor-element elementor-element-7e6cf1a elementor-view-default elementor-widget elementor-widget-icon\" data-id=\"7e6cf1a\" data-element_type=\"widget\" data-widget_type=\"icon.default\">\n\t\t\t\t<div class=\"elementor-widget-container\">\n\t\t\t\t\t\t\t<div class=\"elementor-icon-wrapper\">\n\t\t\t<div class=\"elementor-icon\">\n\t\t\t<svg aria-hidden=\"true\" class=\"e-font-icon-svg e-fas-ship\" viewbox=\"0 0 640 512\" xmlns=\"http:\/\/www.w3.org\/2000\/svg\"><path d=\"M496.616 372.639l70.012-70.012c16.899-16.9 9.942-45.771-12.836-53.092L512 236.102V96c0-17.673-14.327-32-32-32h-64V24c0-13.255-10.745-24-24-24H248c-13.255 0-24 10.745-24 24v40h-64c-17.673 0-32 14.327-32 32v140.102l-41.792 13.433c-22.753 7.313-29.754 36.173-12.836 53.092l70.012 70.012C125.828 416.287 85.587 448 24 448c-13.255 0-24 10.745-24 24v16c0 13.255 10.745 24 24 24 61.023 0 107.499-20.61 143.258-59.396C181.677 487.432 216.021 512 256 512h128c39.979 0 74.323-24.568 88.742-59.396C508.495 491.384 554.968 512 616 512c13.255 0 24-10.745 24-24v-16c0-13.255-10.745-24-24-24-60.817 0-101.542-31.001-119.384-75.361zM192 128h256v87.531l-118.208-37.995a31.995 31.995 0 0 0-19.584 0L192 215.531V128z\"><\/path><\/svg>\t\t\t<\/div>\n\t\t<\/div>\n\t\t\t\t\t\t<\/div>\n\t\t\t\t<\/div>\n\t\t\t\t<div class=\"elementor-element elementor-element-7b58338 elementor-widget elementor-widget-heading\" data-id=\"7b58338\" data-element_type=\"widget\" data-widget_type=\"heading.default\">\n\t\t\t\t<div class=\"elementor-widget-container\">\n\t\t\t\t\t<h6 class=\"elementor-heading-title elementor-size-default\">Onboard Troubleshooting and Repair<\/h6>\t\t\t\t<\/div>\n\t\t\t\t<\/div>\n\t\t\t\t\t<\/div>\n\t\t<\/div>\n\t\t\t\t\t<\/div>\n\t\t<\/section>\n\t\t\t\t\t<\/div>\n\t\t<\/div>\n\t\t\t\t<div class=\"elementor-column elementor-col-25 elementor-inner-column elementor-element elementor-element-91ce156\" data-id=\"91ce156\" data-element_type=\"column\" data-settings=\"{&quot;background_background&quot;:&quot;classic&quot;}\">\n\t\t\t<div class=\"elementor-widget-wrap elementor-element-populated\">\n\t\t\t\t\t\t<section class=\"elementor-section elementor-inner-section elementor-element elementor-element-9e6f40a elementor-section-full_width elementor-section-height-default elementor-section-height-default\" data-id=\"9e6f40a\" data-element_type=\"section\">\n\t\t\t\t\t\t<div class=\"elementor-container elementor-column-gap-no\">\n\t\t\t\t\t<div class=\"elementor-column elementor-col-100 elementor-inner-column elementor-element elementor-element-9881332\" data-id=\"9881332\" data-element_type=\"column\">\n\t\t\t<div class=\"elementor-widget-wrap elementor-element-populated\">\n\t\t\t\t\t\t<div class=\"elementor-element elementor-element-0f7f9a1 elementor-view-default elementor-widget elementor-widget-icon\" data-id=\"0f7f9a1\" data-element_type=\"widget\" data-widget_type=\"icon.default\">\n\t\t\t\t<div class=\"elementor-widget-container\">\n\t\t\t\t\t\t\t<div class=\"elementor-icon-wrapper\">\n\t\t\t<div class=\"elementor-icon\">\n\t\t\t<svg aria-hidden=\"true\" class=\"e-font-icon-svg e-fas-ship\" viewbox=\"0 0 640 512\" xmlns=\"http:\/\/www.w3.org\/2000\/svg\"><path d=\"M496.616 372.639l70.012-70.012c16.899-16.9 9.942-45.771-12.836-53.092L512 236.102V96c0-17.673-14.327-32-32-32h-64V24c0-13.255-10.745-24-24-24H248c-13.255 0-24 10.745-24 24v40h-64c-17.673 0-32 14.327-32 32v140.102l-41.792 13.433c-22.753 7.313-29.754 36.173-12.836 53.092l70.012 70.012C125.828 416.287 85.587 448 24 448c-13.255 0-24 10.745-24 24v16c0 13.255 10.745 24 24 24 61.023 0 107.499-20.61 143.258-59.396C181.677 487.432 216.021 512 256 512h128c39.979 0 74.323-24.568 88.742-59.396C508.495 491.384 554.968 512 616 512c13.255 0 24-10.745 24-24v-16c0-13.255-10.745-24-24-24-60.817 0-101.542-31.001-119.384-75.361zM192 128h256v87.531l-118.208-37.995a31.995 31.995 0 0 0-19.584 0L192 215.531V128z\"><\/path><\/svg>\t\t\t<\/div>\n\t\t<\/div>\n\t\t\t\t\t\t<\/div>\n\t\t\t\t<\/div>\n\t\t\t\t<div class=\"elementor-element elementor-element-84d5ea2 elementor-widget elementor-widget-heading\" data-id=\"84d5ea2\" data-element_type=\"widget\" data-widget_type=\"heading.default\">\n\t\t\t\t<div class=\"elementor-widget-container\">\n\t\t\t\t\t<h6 class=\"elementor-heading-title elementor-size-default\">Maintenance of Electric Motors<\/h6>\t\t\t\t<\/div>\n\t\t\t\t<\/div>\n\t\t\t\t\t<\/div>\n\t\t<\/div>\n\t\t\t\t\t<\/div>\n\t\t<\/section>\n\t\t\t\t\t<\/div>\n\t\t<\/div>\n\t\t\t\t<div class=\"elementor-column elementor-col-25 elementor-inner-column elementor-element elementor-element-ee7a1b3\" data-id=\"ee7a1b3\" data-element_type=\"column\" data-settings=\"{&quot;background_background&quot;:&quot;classic&quot;}\">\n\t\t\t<div class=\"elementor-widget-wrap elementor-element-populated\">\n\t\t\t\t\t\t<section class=\"elementor-section elementor-inner-section elementor-element elementor-element-6767e6f elementor-section-full_width elementor-section-height-default elementor-section-height-default\" data-id=\"6767e6f\" data-element_type=\"section\">\n\t\t\t\t\t\t<div class=\"elementor-container elementor-column-gap-no\">\n\t\t\t\t\t<div class=\"elementor-column elementor-col-100 elementor-inner-column elementor-element elementor-element-8305e81\" data-id=\"8305e81\" data-element_type=\"column\">\n\t\t\t<div class=\"elementor-widget-wrap elementor-element-populated\">\n\t\t\t\t\t\t<div class=\"elementor-element elementor-element-5929457 elementor-view-default elementor-widget elementor-widget-icon\" data-id=\"5929457\" data-element_type=\"widget\" data-widget_type=\"icon.default\">\n\t\t\t\t<div class=\"elementor-widget-container\">\n\t\t\t\t\t\t\t<div class=\"elementor-icon-wrapper\">\n\t\t\t<div class=\"elementor-icon\">\n\t\t\t<svg aria-hidden=\"true\" class=\"e-font-icon-svg e-fas-ship\" viewbox=\"0 0 640 512\" xmlns=\"http:\/\/www.w3.org\/2000\/svg\"><path d=\"M496.616 372.639l70.012-70.012c16.899-16.9 9.942-45.771-12.836-53.092L512 236.102V96c0-17.673-14.327-32-32-32h-64V24c0-13.255-10.745-24-24-24H248c-13.255 0-24 10.745-24 24v40h-64c-17.673 0-32 14.327-32 32v140.102l-41.792 13.433c-22.753 7.313-29.754 36.173-12.836 53.092l70.012 70.012C125.828 416.287 85.587 448 24 448c-13.255 0-24 10.745-24 24v16c0 13.255 10.745 24 24 24 61.023 0 107.499-20.61 143.258-59.396C181.677 487.432 216.021 512 256 512h128c39.979 0 74.323-24.568 88.742-59.396C508.495 491.384 554.968 512 616 512c13.255 0 24-10.745 24-24v-16c0-13.255-10.745-24-24-24-60.817 0-101.542-31.001-119.384-75.361zM192 128h256v87.531l-118.208-37.995a31.995 31.995 0 0 0-19.584 0L192 215.531V128z\"><\/path><\/svg>\t\t\t<\/div>\n\t\t<\/div>\n\t\t\t\t\t\t<\/div>\n\t\t\t\t<\/div>\n\t\t\t\t<div class=\"elementor-element elementor-element-0ceb5ba elementor-widget elementor-widget-heading\" data-id=\"0ceb5ba\" data-element_type=\"widget\" data-widget_type=\"heading.default\">\n\t\t\t\t<div class=\"elementor-widget-container\">\n\t\t\t\t\t<h6 class=\"elementor-heading-title elementor-size-default\">Alternator Insulation and Testing Works<\/h6>\t\t\t\t<\/div>\n\t\t\t\t<\/div>\n\t\t\t\t\t<\/div>\n\t\t<\/div>\n\t\t\t\t\t<\/div>\n\t\t<\/section>\n\t\t\t\t\t<\/div>\n\t\t<\/div>\n\t\t\t\t<div class=\"elementor-column elementor-col-25 elementor-inner-column elementor-element elementor-element-c04f7c9\" data-id=\"c04f7c9\" data-element_type=\"column\" data-settings=\"{&quot;background_background&quot;:&quot;classic&quot;}\">\n\t\t\t<div class=\"elementor-widget-wrap elementor-element-populated\">\n\t\t\t\t\t\t<section class=\"elementor-section elementor-inner-section elementor-element elementor-element-39914b5 elementor-section-full_width elementor-section-height-default elementor-section-height-default\" data-id=\"39914b5\" data-element_type=\"section\">\n\t\t\t\t\t\t<div class=\"elementor-container elementor-column-gap-no\">\n\t\t\t\t\t<div class=\"elementor-column elementor-col-100 elementor-inner-column elementor-element elementor-element-212fb7b\" data-id=\"212fb7b\" data-element_type=\"column\">\n\t\t\t<div class=\"elementor-widget-wrap elementor-element-populated\">\n\t\t\t\t\t\t<div class=\"elementor-element elementor-element-fcfa2bc elementor-view-default elementor-widget elementor-widget-icon\" data-id=\"fcfa2bc\" data-element_type=\"widget\" data-widget_type=\"icon.default\">\n\t\t\t\t<div class=\"elementor-widget-container\">\n\t\t\t\t\t\t\t<div class=\"elementor-icon-wrapper\">\n\t\t\t<div class=\"elementor-icon\">\n\t\t\t<svg aria-hidden=\"true\" class=\"e-font-icon-svg e-fas-ship\" viewbox=\"0 0 640 512\" xmlns=\"http:\/\/www.w3.org\/2000\/svg\"><path d=\"M496.616 372.639l70.012-70.012c16.899-16.9 9.942-45.771-12.836-53.092L512 236.102V96c0-17.673-14.327-32-32-32h-64V24c0-13.255-10.745-24-24-24H248c-13.255 0-24 10.745-24 24v40h-64c-17.673 0-32 14.327-32 32v140.102l-41.792 13.433c-22.753 7.313-29.754 36.173-12.836 53.092l70.012 70.012C125.828 416.287 85.587 448 24 448c-13.255 0-24 10.745-24 24v16c0 13.255 10.745 24 24 24 61.023 0 107.499-20.61 143.258-59.396C181.677 487.432 216.021 512 256 512h128c39.979 0 74.323-24.568 88.742-59.396C508.495 491.384 554.968 512 616 512c13.255 0 24-10.745 24-24v-16c0-13.255-10.745-24-24-24-60.817 0-101.542-31.001-119.384-75.361zM192 128h256v87.531l-118.208-37.995a31.995 31.995 0 0 0-19.584 0L192 215.531V128z\"><\/path><\/svg>\t\t\t<\/div>\n\t\t<\/div>\n\t\t\t\t\t\t<\/div>\n\t\t\t\t<\/div>\n\t\t\t\t<div class=\"elementor-element elementor-element-52247b1 elementor-widget elementor-widget-heading\" data-id=\"52247b1\" data-element_type=\"widget\" data-widget_type=\"heading.default\">\n\t\t\t\t<div class=\"elementor-widget-container\">\n\t\t\t\t\t<h6 class=\"elementor-heading-title elementor-size-default\">MEGHER<br>Measurements<\/h6>\t\t\t\t<\/div>\n\t\t\t\t<\/div>\n\t\t\t\t\t<\/div>\n\t\t<\/div>\n\t\t\t\t\t<\/div>\n\t\t<\/section>\n\t\t\t\t\t<\/div>\n\t\t<\/div>\n\t\t\t\t\t<\/div>\n\t\t<\/section>\n\t\t\t\t\t<\/div>\n\t\t<\/div>\n\t\t\t\t\t<\/div>\n\t\t<\/section>\n\t\t\t\t<\/div>","protected":false},"excerpt":{"rendered":"<p>Gemi \u00dczerinde Ar\u0131za Tespiti ve Onar\u0131m Elektrik Motorlar\u0131n\u0131n Bak\u0131m\u0131 Alternat\u00f6r Yal\u0131t\u0131m (yal\u0131tma) ve Test \u0130\u015fleri MEGHER\u00d6l\u00e7\u00fcmleri<\/p>","protected":false},"author":1,"featured_media":0,"parent":0,"menu_order":0,"comment_status":"closed","ping_status":"closed","template":"","meta":{"_acf_changed":false,"_joinchat":[],"footnotes":""},"class_list":["post-2505","page","type-page","status-publish","hentry"],"acf":[],"yoast_head":"<!-- This site is optimized with the Yoast SEO plugin v25.3.1 - https:\/\/yoast.com\/wordpress\/plugins\/seo\/ -->\n<title>Tamir ve Bak\u0131m Hizmetleri - Sea Blue Marine<\/title>\n<meta name=\"robots\" content=\"index, follow, max-snippet:-1, max-image-preview:large, max-video-preview:-1\" \/>\n<link rel=\"canonical\" href=\"https:\/\/seablue-marine.com\/en\/tamir-ve-bakim-hizmetleri\/\" \/>\n<meta property=\"og:locale\" content=\"en_US\" \/>\n<meta property=\"og:type\" content=\"article\" \/>\n<meta property=\"og:title\" content=\"Tamir ve Bak\u0131m Hizmetleri - Sea Blue Marine\" \/>\n<meta property=\"og:description\" content=\"Gemi \u00dczerinde Ar\u0131za Tespiti ve Onar\u0131m Elektrik Motorlar\u0131n\u0131n Bak\u0131m\u0131 Alternat\u00f6r Yal\u0131t\u0131m (yal\u0131tma) ve Test \u0130\u015fleri MEGHER\u00d6l\u00e7\u00fcmleri\" \/>\n<meta property=\"og:url\" content=\"https:\/\/seablue-marine.com\/en\/tamir-ve-bakim-hizmetleri\/\" \/>\n<meta property=\"og:site_name\" content=\"Sea Blue Marine\" \/>\n<meta property=\"article:modified_time\" content=\"2025-06-13T13:19:48+00:00\" \/>\n<meta property=\"og:image\" content=\"https:\/\/seablue-marine.com\/wp-content\/uploads\/2025\/06\/Tamir-ve-Bakim-Hizmetleri_.png\" \/>\n\t<meta property=\"og:image:width\" content=\"1932\" \/>\n\t<meta property=\"og:image:height\" content=\"491\" \/>\n\t<meta property=\"og:image:type\" content=\"image\/png\" \/>\n<meta name=\"twitter:card\" content=\"summary_large_image\" \/>\n<script type=\"application\/ld+json\" class=\"yoast-schema-graph\">{\"@context\":\"https:\/\/schema.org\",\"@graph\":[{\"@type\":\"WebPage\",\"@id\":\"https:\/\/seablue-marine.com\/tamir-ve-bakim-hizmetleri\/\",\"url\":\"https:\/\/seablue-marine.com\/tamir-ve-bakim-hizmetleri\/\",\"name\":\"Tamir ve Bak\u0131m Hizmetleri - Sea Blue Marine\",\"isPartOf\":{\"@id\":\"https:\/\/seablue-marine.com\/#website\"},\"primaryImageOfPage\":{\"@id\":\"https:\/\/seablue-marine.com\/tamir-ve-bakim-hizmetleri\/#primaryimage\"},\"image\":{\"@id\":\"https:\/\/seablue-marine.com\/tamir-ve-bakim-hizmetleri\/#primaryimage\"},\"thumbnailUrl\":\"https:\/\/seablue-marine.com\/wp-content\/uploads\/2025\/06\/Tamir-ve-Bakim-Hizmetleri_-1024x260.png\",\"datePublished\":\"2025-06-12T13:11:59+00:00\",\"dateModified\":\"2025-06-13T13:19:48+00:00\",\"breadcrumb\":{\"@id\":\"https:\/\/seablue-marine.com\/tamir-ve-bakim-hizmetleri\/#breadcrumb\"},\"inLanguage\":\"en-US\",\"potentialAction\":[{\"@type\":\"ReadAction\",\"target\":[\"https:\/\/seablue-marine.com\/tamir-ve-bakim-hizmetleri\/\"]}]},{\"@type\":\"ImageObject\",\"inLanguage\":\"en-US\",\"@id\":\"https:\/\/seablue-marine.com\/tamir-ve-bakim-hizmetleri\/#primaryimage\",\"url\":\"https:\/\/seablue-marine.com\/wp-content\/uploads\/2025\/06\/Tamir-ve-Bakim-Hizmetleri_-1024x260.png\",\"contentUrl\":\"https:\/\/seablue-marine.com\/wp-content\/uploads\/2025\/06\/Tamir-ve-Bakim-Hizmetleri_-1024x260.png\"},{\"@type\":\"BreadcrumbList\",\"@id\":\"https:\/\/seablue-marine.com\/tamir-ve-bakim-hizmetleri\/#breadcrumb\",\"itemListElement\":[{\"@type\":\"ListItem\",\"position\":1,\"name\":\"Anasayfa\",\"item\":\"https:\/\/seablue-marine.com\/\"},{\"@type\":\"ListItem\",\"position\":2,\"name\":\"Tamir ve Bak\u0131m Hizmetleri\"}]},{\"@type\":\"WebSite\",\"@id\":\"https:\/\/seablue-marine.com\/#website\",\"url\":\"https:\/\/seablue-marine.com\/\",\"name\":\"Sea Blue Marine\",\"description\":\"Gemi, Yat Sistemlerinde Uzman \u00c7\u00f6z\u00fcm\",\"publisher\":{\"@id\":\"https:\/\/seablue-marine.com\/#organization\"},\"potentialAction\":[{\"@type\":\"SearchAction\",\"target\":{\"@type\":\"EntryPoint\",\"urlTemplate\":\"https:\/\/seablue-marine.com\/?s={search_term_string}\"},\"query-input\":{\"@type\":\"PropertyValueSpecification\",\"valueRequired\":true,\"valueName\":\"search_term_string\"}}],\"inLanguage\":\"en-US\"},{\"@type\":\"Organization\",\"@id\":\"https:\/\/seablue-marine.com\/#organization\",\"name\":\"Sea Blue Marine\",\"url\":\"https:\/\/seablue-marine.com\/\",\"logo\":{\"@type\":\"ImageObject\",\"inLanguage\":\"en-US\",\"@id\":\"https:\/\/seablue-marine.com\/#\/schema\/logo\/image\/\",\"url\":\"https:\/\/seablue-marine.com\/wp-content\/uploads\/2025\/06\/logo-main.png\",\"contentUrl\":\"https:\/\/seablue-marine.com\/wp-content\/uploads\/2025\/06\/logo-main.png\",\"width\":1014,\"height\":212,\"caption\":\"Sea Blue Marine\"},\"image\":{\"@id\":\"https:\/\/seablue-marine.com\/#\/schema\/logo\/image\/\"}}]}<\/script>\n<!-- \/ Yoast SEO plugin. -->","yoast_head_json":{"title":"Tamir ve Bak\u0131m Hizmetleri - Sea Blue Marine","robots":{"index":"index","follow":"follow","max-snippet":"max-snippet:-1","max-image-preview":"max-image-preview:large","max-video-preview":"max-video-preview:-1"},"canonical":"https:\/\/seablue-marine.com\/en\/tamir-ve-bakim-hizmetleri\/","og_locale":"en_US","og_type":"article","og_title":"Tamir ve Bak\u0131m Hizmetleri - Sea Blue Marine","og_description":"Gemi \u00dczerinde Ar\u0131za Tespiti ve Onar\u0131m Elektrik Motorlar\u0131n\u0131n Bak\u0131m\u0131 Alternat\u00f6r Yal\u0131t\u0131m (yal\u0131tma) ve Test \u0130\u015fleri MEGHER\u00d6l\u00e7\u00fcmleri","og_url":"https:\/\/seablue-marine.com\/en\/tamir-ve-bakim-hizmetleri\/","og_site_name":"Sea Blue Marine","article_modified_time":"2025-06-13T13:19:48+00:00","og_image":[{"width":1932,"height":491,"url":"https:\/\/seablue-marine.com\/wp-content\/uploads\/2025\/06\/Tamir-ve-Bakim-Hizmetleri_.png","type":"image\/png"}],"twitter_card":"summary_large_image","schema":{"@context":"https:\/\/schema.org","@graph":[{"@type":"WebPage","@id":"https:\/\/seablue-marine.com\/tamir-ve-bakim-hizmetleri\/","url":"https:\/\/seablue-marine.com\/tamir-ve-bakim-hizmetleri\/","name":"Tamir ve Bak\u0131m Hizmetleri - Sea Blue Marine","isPartOf":{"@id":"https:\/\/seablue-marine.com\/#website"},"primaryImageOfPage":{"@id":"https:\/\/seablue-marine.com\/tamir-ve-bakim-hizmetleri\/#primaryimage"},"image":{"@id":"https:\/\/seablue-marine.com\/tamir-ve-bakim-hizmetleri\/#primaryimage"},"thumbnailUrl":"https:\/\/seablue-marine.com\/wp-content\/uploads\/2025\/06\/Tamir-ve-Bakim-Hizmetleri_-1024x260.png","datePublished":"2025-06-12T13:11:59+00:00","dateModified":"2025-06-13T13:19:48+00:00","breadcrumb":{"@id":"https:\/\/seablue-marine.com\/tamir-ve-bakim-hizmetleri\/#breadcrumb"},"inLanguage":"en-US","potentialAction":[{"@type":"ReadAction","target":["https:\/\/seablue-marine.com\/tamir-ve-bakim-hizmetleri\/"]}]},{"@type":"ImageObject","inLanguage":"en-US","@id":"https:\/\/seablue-marine.com\/tamir-ve-bakim-hizmetleri\/#primaryimage","url":"https:\/\/seablue-marine.com\/wp-content\/uploads\/2025\/06\/Tamir-ve-Bakim-Hizmetleri_-1024x260.png","contentUrl":"https:\/\/seablue-marine.com\/wp-content\/uploads\/2025\/06\/Tamir-ve-Bakim-Hizmetleri_-1024x260.png"},{"@type":"BreadcrumbList","@id":"https:\/\/seablue-marine.com\/tamir-ve-bakim-hizmetleri\/#breadcrumb","itemListElement":[{"@type":"ListItem","position":1,"name":"Anasayfa","item":"https:\/\/seablue-marine.com\/"},{"@type":"ListItem","position":2,"name":"Tamir ve Bak\u0131m Hizmetleri"}]},{"@type":"WebSite","@id":"https:\/\/seablue-marine.com\/#website","url":"https:\/\/seablue-marine.com\/","name":"Sea Blue Marine","description":"Gemi, Yat Sistemlerinde Uzman \u00c7\u00f6z\u00fcm","publisher":{"@id":"https:\/\/seablue-marine.com\/#organization"},"potentialAction":[{"@type":"SearchAction","target":{"@type":"EntryPoint","urlTemplate":"https:\/\/seablue-marine.com\/?s={search_term_string}"},"query-input":{"@type":"PropertyValueSpecification","valueRequired":true,"valueName":"search_term_string"}}],"inLanguage":"en-US"},{"@type":"Organization","@id":"https:\/\/seablue-marine.com\/#organization","name":"Sea Blue Marine","url":"https:\/\/seablue-marine.com\/","logo":{"@type":"ImageObject","inLanguage":"en-US","@id":"https:\/\/seablue-marine.com\/#\/schema\/logo\/image\/","url":"https:\/\/seablue-marine.com\/wp-content\/uploads\/2025\/06\/logo-main.png","contentUrl":"https:\/\/seablue-marine.com\/wp-content\/uploads\/2025\/06\/logo-main.png","width":1014,"height":212,"caption":"Sea Blue Marine"},"image":{"@id":"https:\/\/seablue-marine.com\/#\/schema\/logo\/image\/"}}]}},"_links":{"self":[{"href":"https:\/\/seablue-marine.com\/en\/wp-json\/wp\/v2\/pages\/2505","targetHints":{"allow":["GET"]}}],"collection":[{"href":"https:\/\/seablue-marine.com\/en\/wp-json\/wp\/v2\/pages"}],"about":[{"href":"https:\/\/seablue-marine.com\/en\/wp-json\/wp\/v2\/types\/page"}],"author":[{"embeddable":true,"href":"https:\/\/seablue-marine.com\/en\/wp-json\/wp\/v2\/users\/1"}],"replies":[{"embeddable":true,"href":"https:\/\/seablue-marine.com\/en\/wp-json\/wp\/v2\/comments?post=2505"}],"version-history":[{"count":7,"href":"https:\/\/seablue-marine.com\/en\/wp-json\/wp\/v2\/pages\/2505\/revisions"}],"predecessor-version":[{"id":2557,"href":"https:\/\/seablue-marine.com\/en\/wp-json\/wp\/v2\/pages\/2505\/revisions\/2557"}],"wp:attachment":[{"href":"https:\/\/seablue-marine.com\/en\/wp-json\/wp\/v2\/media?parent=2505"}],"curies":[{"name":"wp","href":"https:\/\/api.w.org\/{rel}","templated":true}]}}