
{"id":2538,"date":"2025-06-13T09:38:36","date_gmt":"2025-06-13T09:38:36","guid":{"rendered":"https:\/\/seablue-marine.com\/?page_id=2538"},"modified":"2025-06-13T09:39:30","modified_gmt":"2025-06-13T09:39:30","slug":"teklif-formu","status":"publish","type":"page","link":"https:\/\/seablue-marine.com\/en\/teklif-formu\/","title":{"rendered":"Teklif Formu"},"content":{"rendered":"<div data-elementor-type=\"wp-page\" data-elementor-id=\"2538\" class=\"elementor elementor-2538\">\n\t\t\t\t\t\t<section class=\"elementor-section elementor-top-section elementor-element elementor-element-c3f08a8 elementor-section-boxed elementor-section-height-default elementor-section-height-default\" data-id=\"c3f08a8\" data-element_type=\"section\">\n\t\t\t\t\t\t<div class=\"elementor-container elementor-column-gap-default\">\n\t\t\t\t\t<div class=\"elementor-column elementor-col-100 elementor-top-column elementor-element elementor-element-7e3cf5c\" data-id=\"7e3cf5c\" data-element_type=\"column\">\n\t\t\t<div class=\"elementor-widget-wrap elementor-element-populated\">\n\t\t\t\t\t\t<div class=\"elementor-element elementor-element-3bd2c70 elementor-widget elementor-widget-modina_section_title\" data-id=\"3bd2c70\" data-element_type=\"widget\" data-widget_type=\"modina_section_title.default\">\n\t\t\t\t<div class=\"elementor-widget-container\">\n\t\t\t\t\t\r\n        <div class=\"block-contents text-center\">\r\n        <div class=\"section-title\">\r\n            <h5 class=\"text-center\">Contact Us<\/h5>\r\n            <span>Formu Doldurun sizi arayal\u0131m<\/span>\r\n            <h2>Teklif <span>Formu<\/span><\/h2>\r\n        <\/div>\r\n            <\/div>\r\n    \r\n    \t\t\t\t<\/div>\n\t\t\t\t<\/div>\n\t\t\t\t<div class=\"elementor-element elementor-element-d2df292 elementor-widget elementor-widget-shortcode\" data-id=\"d2df292\" data-element_type=\"widget\" data-widget_type=\"shortcode.default\">\n\t\t\t\t<div class=\"elementor-widget-container\">\n\t\t\t\t\t\t\t<div class=\"elementor-shortcode\">\n<div class=\"wpcf7 no-js\" id=\"wpcf7-f2537-o1\" lang=\"en-US\" dir=\"ltr\" data-wpcf7-id=\"2537\">\n<div class=\"screen-reader-response\"><p role=\"status\" aria-live=\"polite\" aria-atomic=\"true\"><\/p> <ul><\/ul><\/div>\n<form action=\"\/en\/wp-json\/wp\/v2\/pages\/2538#wpcf7-f2537-o1\" method=\"post\" class=\"wpcf7-form init wpb_gqb_form_product_info_hide\" aria-label=\"Contact form\" novalidate=\"novalidate\" data-status=\"init\" data-trp-original-action=\"\/en\/wp-json\/wp\/v2\/pages\/2538#wpcf7-f2537-o1\">\n<div style=\"display: none;\">\n<input type=\"hidden\" name=\"_wpcf7\" value=\"2537\" \/>\n<input type=\"hidden\" name=\"_wpcf7_version\" value=\"6.0.6\" \/>\n<input type=\"hidden\" name=\"_wpcf7_locale\" value=\"en_US\" \/>\n<input type=\"hidden\" name=\"_wpcf7_unit_tag\" value=\"wpcf7-f2537-o1\" \/>\n<input type=\"hidden\" name=\"_wpcf7_container_post\" value=\"0\" \/>\n<input type=\"hidden\" name=\"_wpcf7_posted_data_hash\" value=\"\" \/>\n<\/div>\n<div class=\"row contact-form\">\n\t<div class=\"col-md-6 col-12\">\n\t\t<div class=\"single-personal-info\">\n\t\t\t<p><span class=\"wpcf7-form-control-wrap\" data-name=\"full-name\"><input size=\"40\" maxlength=\"400\" class=\"wpcf7-form-control wpcf7-text wpcf7-validates-as-required\" aria-required=\"true\" aria-invalid=\"false\" placeholder=\"Ad\u0131n\u0131z Soyad\u0131n\u0131z\" value=\"\" type=\"text\" name=\"full-name\" \/><\/span>\n\t\t\t<\/p>\n\t\t<\/div>\n\t<\/div>\n\t<div class=\"col-md-6 col-12\">\n\t\t<div class=\"single-personal-info\">\n\t\t\t<p><span class=\"wpcf7-form-control-wrap\" data-name=\"email-address\"><input size=\"40\" maxlength=\"400\" class=\"wpcf7-form-control wpcf7-email wpcf7-validates-as-required wpcf7-text wpcf7-validates-as-email\" aria-required=\"true\" aria-invalid=\"false\" placeholder=\"Email Adresiniz\" value=\"\" type=\"email\" name=\"email-address\" \/><\/span>\n\t\t\t<\/p>\n\t\t<\/div>\n\t<\/div>\n\t<div class=\"col-md-12 col-12\">\n\t\t<div class=\"single-personal-info\">\n\t\t\t<p><span class=\"wpcf7-form-control-wrap\" data-name=\"phone\"><input size=\"40\" maxlength=\"400\" class=\"wpcf7-form-control wpcf7-text wpcf7-validates-as-required\" aria-required=\"true\" aria-invalid=\"false\" placeholder=\"Telefon Numaran\u0131z\" value=\"\" type=\"text\" name=\"phone\" \/><\/span>\n\t\t\t<\/p>\n\t\t<\/div>\n\t<\/div>\n\t<div class=\"col-md-12 col-12\">\n\t\t<div class=\"single-personal-info\">\n\t\t\t<p><span class=\"wpcf7-form-control-wrap\" data-name=\"company\"><input size=\"40\" maxlength=\"400\" class=\"wpcf7-form-control wpcf7-text wpcf7-validates-as-required\" aria-required=\"true\" aria-invalid=\"false\" placeholder=\"Firma Ad\u0131\" value=\"\" type=\"text\" name=\"company\" \/><\/span>\n\t\t\t<\/p>\n\t\t<\/div>\n\t<\/div>\n\t<div class=\"col-md-12 col-12\">\n\t\t<div class=\"single-personal-info\">\n\t\t\t<p><span class=\"wpcf7-form-control-wrap\" data-name=\"companyAddress\"><input size=\"40\" maxlength=\"400\" class=\"wpcf7-form-control wpcf7-text wpcf7-validates-as-required\" aria-required=\"true\" aria-invalid=\"false\" placeholder=\"Firma Adresi\" value=\"\" type=\"text\" name=\"companyAddress\" \/><\/span>\n\t\t\t<\/p>\n\t\t<\/div>\n\t<\/div>\n\t<div class=\"col-md-12 col-12\">\n\t\t<div class=\"single-personal-info\">\n\t\t\t<p><span class=\"wpcf7-form-control-wrap\" data-name=\"message-box\"><textarea cols=\"40\" rows=\"10\" maxlength=\"2000\" class=\"wpcf7-form-control wpcf7-textarea wpcf7-validates-as-required\" aria-required=\"true\" aria-invalid=\"false\" placeholder=\"Teklif almak istedi\u011finiz \u00fcr\u00fcn, hizmet hakk\u0131nda detaylar\u0131 yaz\u0131n\u0131z...\" name=\"message-box\"><\/textarea><\/span>\n\t\t\t<\/p>\n\t\t<\/div>\n\t<\/div>\n\t<div class=\"col-md-12 col-12 text-center\">\n\t\t<p><input class=\"wpcf7-form-control wpcf7-submit has-spinner\" type=\"submit\" value=\"Teklif Al\" \/>\n\t\t<\/p>\n\t<\/div>\n<\/div><div class=\"wpcf7-response-output\" aria-hidden=\"true\"><\/div>\n<input type=\"hidden\" name=\"trp-form-language\" value=\"en\"\/><\/form>\n<\/div>\n<\/div>\n\t\t\t\t\t\t<\/div>\n\t\t\t\t<\/div>\n\t\t\t\t\t<\/div>\n\t\t<\/div>\n\t\t\t\t\t<\/div>\n\t\t<\/section>\n\t\t\t\t<\/div>","protected":false},"excerpt":{"rendered":"<p>\u0130leti\u015fim Formu Doldurun sizi arayal\u0131m Teklif Formu<\/p>","protected":false},"author":1,"featured_media":0,"parent":0,"menu_order":0,"comment_status":"closed","ping_status":"closed","template":"","meta":{"_acf_changed":false,"_joinchat":[],"footnotes":""},"class_list":["post-2538","page","type-page","status-publish","hentry"],"acf":[],"yoast_head":"<!-- This site is optimized with the Yoast SEO plugin v25.3.1 - https:\/\/yoast.com\/wordpress\/plugins\/seo\/ -->\n<title>Teklif Formu - Sea Blue Marine<\/title>\n<meta name=\"robots\" content=\"index, follow, max-snippet:-1, max-image-preview:large, max-video-preview:-1\" \/>\n<link rel=\"canonical\" href=\"https:\/\/seablue-marine.com\/en\/teklif-formu\/\" \/>\n<meta property=\"og:locale\" content=\"en_US\" \/>\n<meta property=\"og:type\" content=\"article\" \/>\n<meta property=\"og:title\" content=\"Teklif Formu - Sea Blue Marine\" \/>\n<meta property=\"og:description\" content=\"\u0130leti\u015fim Formu Doldurun sizi arayal\u0131m Teklif Formu\" \/>\n<meta property=\"og:url\" content=\"https:\/\/seablue-marine.com\/en\/teklif-formu\/\" \/>\n<meta property=\"og:site_name\" content=\"Sea Blue Marine\" \/>\n<meta property=\"article:modified_time\" content=\"2025-06-13T09:39:30+00:00\" \/>\n<meta name=\"twitter:card\" content=\"summary_large_image\" \/>\n<script type=\"application\/ld+json\" class=\"yoast-schema-graph\">{\"@context\":\"https:\/\/schema.org\",\"@graph\":[{\"@type\":\"WebPage\",\"@id\":\"https:\/\/seablue-marine.com\/teklif-formu\/\",\"url\":\"https:\/\/seablue-marine.com\/teklif-formu\/\",\"name\":\"Teklif Formu - Sea Blue Marine\",\"isPartOf\":{\"@id\":\"https:\/\/seablue-marine.com\/#website\"},\"datePublished\":\"2025-06-13T09:38:36+00:00\",\"dateModified\":\"2025-06-13T09:39:30+00:00\",\"breadcrumb\":{\"@id\":\"https:\/\/seablue-marine.com\/teklif-formu\/#breadcrumb\"},\"inLanguage\":\"en-US\",\"potentialAction\":[{\"@type\":\"ReadAction\",\"target\":[\"https:\/\/seablue-marine.com\/teklif-formu\/\"]}]},{\"@type\":\"BreadcrumbList\",\"@id\":\"https:\/\/seablue-marine.com\/teklif-formu\/#breadcrumb\",\"itemListElement\":[{\"@type\":\"ListItem\",\"position\":1,\"name\":\"Anasayfa\",\"item\":\"https:\/\/seablue-marine.com\/\"},{\"@type\":\"ListItem\",\"position\":2,\"name\":\"Teklif Formu\"}]},{\"@type\":\"WebSite\",\"@id\":\"https:\/\/seablue-marine.com\/#website\",\"url\":\"https:\/\/seablue-marine.com\/\",\"name\":\"Sea Blue Marine\",\"description\":\"Gemi, Yat Sistemlerinde Uzman \u00c7\u00f6z\u00fcm\",\"publisher\":{\"@id\":\"https:\/\/seablue-marine.com\/#organization\"},\"potentialAction\":[{\"@type\":\"SearchAction\",\"target\":{\"@type\":\"EntryPoint\",\"urlTemplate\":\"https:\/\/seablue-marine.com\/?s={search_term_string}\"},\"query-input\":{\"@type\":\"PropertyValueSpecification\",\"valueRequired\":true,\"valueName\":\"search_term_string\"}}],\"inLanguage\":\"en-US\"},{\"@type\":\"Organization\",\"@id\":\"https:\/\/seablue-marine.com\/#organization\",\"name\":\"Sea Blue Marine\",\"url\":\"https:\/\/seablue-marine.com\/\",\"logo\":{\"@type\":\"ImageObject\",\"inLanguage\":\"en-US\",\"@id\":\"https:\/\/seablue-marine.com\/#\/schema\/logo\/image\/\",\"url\":\"https:\/\/seablue-marine.com\/wp-content\/uploads\/2025\/06\/logo-main.png\",\"contentUrl\":\"https:\/\/seablue-marine.com\/wp-content\/uploads\/2025\/06\/logo-main.png\",\"width\":1014,\"height\":212,\"caption\":\"Sea Blue Marine\"},\"image\":{\"@id\":\"https:\/\/seablue-marine.com\/#\/schema\/logo\/image\/\"}}]}<\/script>\n<!-- \/ Yoast SEO plugin. -->","yoast_head_json":{"title":"Teklif Formu - Sea Blue Marine","robots":{"index":"index","follow":"follow","max-snippet":"max-snippet:-1","max-image-preview":"max-image-preview:large","max-video-preview":"max-video-preview:-1"},"canonical":"https:\/\/seablue-marine.com\/en\/teklif-formu\/","og_locale":"en_US","og_type":"article","og_title":"Teklif Formu - Sea Blue Marine","og_description":"\u0130leti\u015fim Formu Doldurun sizi arayal\u0131m Teklif Formu","og_url":"https:\/\/seablue-marine.com\/en\/teklif-formu\/","og_site_name":"Sea Blue Marine","article_modified_time":"2025-06-13T09:39:30+00:00","twitter_card":"summary_large_image","schema":{"@context":"https:\/\/schema.org","@graph":[{"@type":"WebPage","@id":"https:\/\/seablue-marine.com\/teklif-formu\/","url":"https:\/\/seablue-marine.com\/teklif-formu\/","name":"Teklif Formu - Sea Blue Marine","isPartOf":{"@id":"https:\/\/seablue-marine.com\/#website"},"datePublished":"2025-06-13T09:38:36+00:00","dateModified":"2025-06-13T09:39:30+00:00","breadcrumb":{"@id":"https:\/\/seablue-marine.com\/teklif-formu\/#breadcrumb"},"inLanguage":"en-US","potentialAction":[{"@type":"ReadAction","target":["https:\/\/seablue-marine.com\/teklif-formu\/"]}]},{"@type":"BreadcrumbList","@id":"https:\/\/seablue-marine.com\/teklif-formu\/#breadcrumb","itemListElement":[{"@type":"ListItem","position":1,"name":"Anasayfa","item":"https:\/\/seablue-marine.com\/"},{"@type":"ListItem","position":2,"name":"Teklif Formu"}]},{"@type":"WebSite","@id":"https:\/\/seablue-marine.com\/#website","url":"https:\/\/seablue-marine.com\/","name":"Sea Blue Marine","description":"Gemi, Yat Sistemlerinde Uzman \u00c7\u00f6z\u00fcm","publisher":{"@id":"https:\/\/seablue-marine.com\/#organization"},"potentialAction":[{"@type":"SearchAction","target":{"@type":"EntryPoint","urlTemplate":"https:\/\/seablue-marine.com\/?s={search_term_string}"},"query-input":{"@type":"PropertyValueSpecification","valueRequired":true,"valueName":"search_term_string"}}],"inLanguage":"en-US"},{"@type":"Organization","@id":"https:\/\/seablue-marine.com\/#organization","name":"Sea Blue Marine","url":"https:\/\/seablue-marine.com\/","logo":{"@type":"ImageObject","inLanguage":"en-US","@id":"https:\/\/seablue-marine.com\/#\/schema\/logo\/image\/","url":"https:\/\/seablue-marine.com\/wp-content\/uploads\/2025\/06\/logo-main.png","contentUrl":"https:\/\/seablue-marine.com\/wp-content\/uploads\/2025\/06\/logo-main.png","width":1014,"height":212,"caption":"Sea Blue Marine"},"image":{"@id":"https:\/\/seablue-marine.com\/#\/schema\/logo\/image\/"}}]}},"_links":{"self":[{"href":"https:\/\/seablue-marine.com\/en\/wp-json\/wp\/v2\/pages\/2538","targetHints":{"allow":["GET"]}}],"collection":[{"href":"https:\/\/seablue-marine.com\/en\/wp-json\/wp\/v2\/pages"}],"about":[{"href":"https:\/\/seablue-marine.com\/en\/wp-json\/wp\/v2\/types\/page"}],"author":[{"embeddable":true,"href":"https:\/\/seablue-marine.com\/en\/wp-json\/wp\/v2\/users\/1"}],"replies":[{"embeddable":true,"href":"https:\/\/seablue-marine.com\/en\/wp-json\/wp\/v2\/comments?post=2538"}],"version-history":[{"count":4,"href":"https:\/\/seablue-marine.com\/en\/wp-json\/wp\/v2\/pages\/2538\/revisions"}],"predecessor-version":[{"id":2542,"href":"https:\/\/seablue-marine.com\/en\/wp-json\/wp\/v2\/pages\/2538\/revisions\/2542"}],"wp:attachment":[{"href":"https:\/\/seablue-marine.com\/en\/wp-json\/wp\/v2\/media?parent=2538"}],"curies":[{"name":"wp","href":"https:\/\/api.w.org\/{rel}","templated":true}]}}